{"id":5099,"date":"2022-10-17T00:26:36","date_gmt":"2022-10-17T00:26:36","guid":{"rendered":"https:\/\/giamcis.com\/pt-br\/?page_id=5099"},"modified":"2022-10-17T00:26:36","modified_gmt":"2022-10-17T00:26:36","slug":"classic-home-2","status":"publish","type":"page","link":"https:\/\/giamcis.com\/pt-br\/","title":{"rendered":"Classic Home"},"content":{"rendered":"<p><div class=\"fusion-fullwidth fullwidth-box fusion-builder-row-1 fusion-flex-container nonhundred-percent-fullwidth non-hundred-percent-height-scrolling fusion-animated\" style=\"--awb-background-position:center top;--awb-border-sizes-top:0px;--awb-border-sizes-bottom:0px;--awb-border-sizes-left:0px;--awb-border-sizes-right:0px;--awb-border-radius-top-left:0px;--awb-border-radius-top-right:0px;--awb-border-radius-bottom-right:0px;--awb-border-radius-bottom-left:0px;--awb-padding-top:114px;--awb-padding-right:0px;--awb-padding-bottom:115px;--awb-padding-left:0px;--awb-padding-top-medium:110px;--awb-padding-bottom-medium:110px;--awb-padding-top-small:90px;--awb-padding-bottom-small:90px;--awb-margin-top:0px;--awb-margin-bottom:54px;--awb-margin-bottom-medium:80px;--awb-margin-bottom-small:60px;--awb-background-color:#000000;--awb-background-image:linear-gradient(180deg, hsla(var(--awb-color8-h),var(--awb-color8-s),var(--awb-color8-l),calc( var(--awb-color8-a) - 65% )) 0%,hsla(var(--awb-color8-h),var(--awb-color8-s),var(--awb-color8-l),calc( var(--awb-color8-a) - 70% )) 100%);--awb-flex-wrap:wrap;\" data-animationType=\"fadeIn\" data-animationDuration=\"1.3\" data-animationOffset=\"top-into-view\" ><div class=\"fusion-builder-row fusion-row fusion-flex-align-items-flex-start fusion-flex-content-wrap\" style=\"max-width:calc( 1200px + 0px );margin-left: calc(-0px \/ 2 );margin-right: calc(-0px \/ 2 );\"><div class=\"fusion-layout-column fusion_builder_column fusion-builder-column-0 fusion_builder_column_1_1 1_1 fusion-flex-column fusion-animated\" style=\"--awb-bg-blend:overlay;--awb-bg-size:cover;--awb-border-color:var(--awb-color1);--awb-border-style:solid;--awb-width-large:100%;--awb-margin-top-large:0px;--awb-spacing-right-large:0px;--awb-margin-bottom-large:0px;--awb-spacing-left-large:0px;--awb-width-medium:100%;--awb-spacing-right-medium:0px;--awb-spacing-left-medium:0px;--awb-width-small:100%;--awb-spacing-right-small:0px;--awb-spacing-left-small:0px;\" data-animationType=\"fadeInUp\" data-animationDuration=\"0.8\" data-animationOffset=\"top-into-view\"><div class=\"fusion-column-wrapper fusion-flex-justify-content-flex-start fusion-content-layout-column\"><div class=\"fusion-separator fusion-full-width-sep\" style=\"align-self: center;margin-left: auto;margin-right: auto;margin-top:10px;width:100%;\"><\/div><div class=\"fusion-title title fusion-title-1 fusion-sep-none fusion-title-center fusion-title-text fusion-title-size-one\" style=\"--awb-text-color:var(--awb-color1);--awb-margin-bottom:20px;--awb-sep-color:#ffffff;--awb-font-size:55px;\"><h1 class=\"fusion-title-heading title-heading-center\" style=\"margin:0;font-size:1em;text-transform:none;\"><span style=\"font-family: Roboto; font-weight: 400;\" data-fusion-font=\"true\" data-fusion-google-font=\"Roboto\" data-fusion-google-variant=\"400\">Tecnologia que impacta<\/span><\/h1><\/div><div class=\"fusion-text fusion-text-1 fusion-text-no-margin\" style=\"--awb-content-alignment:center;--awb-font-size:22px;--awb-text-color:var(--awb-color1);--awb-margin-bottom:40px;\"><p>Through Creativity, Integrity &amp; Innovation<\/p>\n<\/div><\/div><\/div><\/div><\/div><div class=\"fusion-fullwidth fullwidth-box fusion-builder-row-2 fusion-flex-container has-pattern-background has-mask-background nonhundred-percent-fullwidth non-hundred-percent-height-scrolling\" style=\"--awb-border-radius-top-left:0px;--awb-border-radius-top-right:0px;--awb-border-radius-bottom-right:0px;--awb-border-radius-bottom-left:0px;--awb-flex-wrap:wrap;\" ><div class=\"fusion-builder-row fusion-row fusion-flex-align-items-flex-start fusion-flex-content-wrap\" style=\"max-width:1248px;margin-left: calc(-4% \/ 2 );margin-right: calc(-4% \/ 2 );\"><\/div><\/div><div class=\"fusion-fullwidth fullwidth-box fusion-builder-row-3 fusion-flex-container nonhundred-percent-fullwidth non-hundred-percent-height-scrolling\" style=\"--awb-border-color:hsla(var(--awb-color8-h),var(--awb-color8-s),var(--awb-color8-l),calc( var(--awb-color8-a) - 90% ));--awb-border-radius-top-left:0px;--awb-border-radius-top-right:0px;--awb-border-radius-bottom-right:0px;--awb-border-radius-bottom-left:0px;--awb-padding-top:0px;--awb-padding-top-small:0px;--awb-margin-bottom:120px;--awb-margin-bottom-medium:80px;--awb-margin-bottom-small:60px;--awb-flex-wrap:wrap;\" ><div class=\"fusion-builder-row fusion-row fusion-flex-align-items-stretch fusion-flex-justify-content-center fusion-flex-content-wrap\" style=\"max-width:1248px;margin-left: calc(-4% \/ 2 );margin-right: calc(-4% \/ 2 );\"><div class=\"fusion-layout-column fusion_builder_column fusion-builder-column-1 fusion_builder_column_1_2 1_2 fusion-flex-column fusion-flex-align-self-stretch fusion-animated\" style=\"--awb-padding-top:70px;--awb-padding-right:70px;--awb-padding-bottom:70px;--awb-padding-left:70px;--awb-padding-top-small:36px;--awb-padding-right-small:36px;--awb-padding-bottom-small:36px;--awb-padding-left-small:36px;--awb-bg-color:var(--awb-color4);--awb-bg-color-hover:var(--awb-color4);--awb-bg-image:linear-gradient(180deg, hsla(var(--awb-color4-h),var(--awb-color4-s),var(--awb-color4-l),calc( var(--awb-color4-a) - 29% )) 0%,var(--awb-color4) 100%),url(https:\/\/giamcis.com\/wp-content\/uploads\/2021\/11\/31.jpg);;--awb-bg-position:left center;--awb-bg-size:cover;--awb-width-large:50%;--awb-margin-top-large:0px;--awb-spacing-right-large:0px;--awb-margin-bottom-large:0px;--awb-spacing-left-large:0%;--awb-width-medium:100%;--awb-order-medium:0;--awb-spacing-right-medium:0px;--awb-spacing-left-medium:0%;--awb-width-small:100%;--awb-order-small:0;--awb-spacing-right-small:1.92%;--awb-margin-bottom-small:0px;--awb-spacing-left-small:1.92%;\" data-animationType=\"fadeInUp\" data-animationDuration=\"1.3\" data-animationOffset=\"top-into-view\"><div class=\"fusion-column-wrapper fusion-column-has-shadow fusion-flex-justify-content-space-between fusion-content-layout-column fusion-column-has-bg-image\" data-bg-url=\"https:\/\/giamcis.com\/wp-content\/uploads\/2021\/11\/31.jpg\"><div class=\"fusion-title title fusion-title-2 fusion-title-text fusion-title-size-two\" style=\"--awb-text-color:var(--awb-color1);--awb-margin-bottom:0px;--awb-margin-bottom-medium:50px;--awb-font-size:36px;\"><div class=\"title-sep-container title-sep-container-left fusion-no-large-visibility fusion-no-medium-visibility fusion-no-small-visibility\"><div class=\"title-sep sep-double sep-solid\" style=\"border-color:#e2e2e2;\"><\/div><\/div><span class=\"awb-title-spacer fusion-no-large-visibility fusion-no-medium-visibility fusion-no-small-visibility\"><\/span><h2 class=\"fusion-title-heading title-heading-left\" style=\"font-family:&quot;Roboto&quot;;font-style:normal;font-weight:400;margin:0;font-size:1em;line-height:50px;\"><span style=\"color: var(--awb-color1); font-size: 1em; font-style: var(--h2_typography-font-style,normal); letter-spacing: var(--h2_typography-letter-spacing); text-transform: var(--h2_typography-text-transform); background-color: var(--awb-color4);\">Tecnologia que impacta<\/span><\/h2><span class=\"awb-title-spacer\"><\/span><div class=\"title-sep-container title-sep-container-right\"><div class=\"title-sep sep-double sep-solid\" style=\"border-color:#e2e2e2;\"><\/div><\/div><\/div><\/div><\/div><div class=\"fusion-layout-column fusion_builder_column fusion-builder-column-2 fusion_builder_column_1_2 1_2 fusion-flex-column fusion-flex-align-self-stretch fusion-animated\" style=\"--awb-padding-top:80px;--awb-padding-right:80px;--awb-padding-bottom:80px;--awb-padding-left:80px;--awb-padding-top-small:36px;--awb-padding-right-small:36px;--awb-padding-bottom-small:36px;--awb-padding-left-small:36px;--awb-bg-color:var(--awb-color8);--awb-bg-color-hover:var(--awb-color8);--awb-bg-size:cover;--awb-width-large:50%;--awb-margin-top-large:0px;--awb-spacing-right-large:3.84%;--awb-margin-bottom-large:0px;--awb-spacing-left-large:0;--awb-width-medium:100%;--awb-order-medium:0;--awb-spacing-right-medium:1.92%;--awb-spacing-left-medium:0;--awb-width-small:100%;--awb-order-small:0;--awb-spacing-right-small:1.92%;--awb-spacing-left-small:1.92%;\" data-animationType=\"fadeInUp\" data-animationDuration=\"1.3\" data-animationOffset=\"top-into-view\"><div class=\"fusion-column-wrapper fusion-column-has-shadow fusion-flex-justify-content-flex-start fusion-content-layout-column\"><div class=\"fusion-text fusion-text-2\" style=\"--awb-text-color:var(--awb-color1);\"><p style=\"font-family: Roboto; font-weight: 400; font-size: 18px;\" data-fusion-font=\"true\" data-fusion-google-font=\"Roboto\" data-fusion-google-variant=\"400\">Ol\u00e1, e bem-vindo(a) \u00e0 Giamcis! Sou Luiz Eduardo Giampaoli e Giamcis significa \u201cGiampaoli Cria\u00e7\u00f5es e Inova\u00e7\u00f5es\u201d. A Giamcis \u00e9 um canal de tecnologia para divulgar o portf\u00f3lio de projetos que desenvolvo ou estou envolvido, compartilhar minha trajet\u00f3ria profissional e discutir assuntos sobre tecnologias com as quais trabalho ou tenho interesse: desenvolvimento de sistemas, IoT (internet das coisas), desenvolvimento de jogos, retrocomputa\u00e7\u00e3o e outros.<\/p>\n<\/div><\/div><\/div><\/div><\/div><div class=\"fusion-fullwidth fullwidth-box fusion-builder-row-4 fusion-flex-container nonhundred-percent-fullwidth non-hundred-percent-height-scrolling\" style=\"--awb-background-position:left top;--awb-border-sizes-top:0px;--awb-border-sizes-bottom:0px;--awb-border-sizes-left:0px;--awb-border-sizes-right:0px;--awb-border-radius-top-left:0px;--awb-border-radius-top-right:0px;--awb-border-radius-bottom-right:0px;--awb-border-radius-bottom-left:0px;--awb-padding-top:0px;--awb-padding-bottom:0px;--awb-margin-bottom:100px;--awb-margin-bottom-medium:60px;--awb-margin-bottom-small:40px;--awb-flex-wrap:wrap;\" ><div class=\"fusion-builder-row fusion-row fusion-flex-align-items-flex-start fusion-flex-justify-content-center fusion-flex-content-wrap\" style=\"max-width:1248px;margin-left: calc(-4% \/ 2 );margin-right: calc(-4% \/ 2 );\"><div class=\"fusion-layout-column fusion_builder_column fusion-builder-column-3 fusion_builder_column_1_1 1_1 fusion-flex-column fusion-animated\" style=\"--awb-bg-size:cover;--awb-width-large:100%;--awb-margin-top-large:0px;--awb-spacing-right-large:1.92%;--awb-margin-bottom-large:50px;--awb-spacing-left-large:1.92%;--awb-width-medium:100%;--awb-order-medium:0;--awb-spacing-right-medium:1.92%;--awb-spacing-left-medium:1.92%;--awb-width-small:100%;--awb-order-small:0;--awb-spacing-right-small:1.92%;--awb-margin-bottom-small:50px;--awb-spacing-left-small:1.92%;\" data-animationType=\"fadeIn\" data-animationDuration=\"0.3\" data-animationOffset=\"top-into-view\"><div class=\"fusion-column-wrapper fusion-column-has-shadow fusion-flex-justify-content-space-between fusion-content-layout-row fusion-flex-align-items-center\"><div class=\"fusion-title title fusion-title-3 fusion-title-text fusion-title-size-three\" style=\"--awb-margin-bottom:0px;\"><div class=\"title-sep-container title-sep-container-left fusion-no-large-visibility fusion-no-medium-visibility fusion-no-small-visibility\"><div class=\"title-sep sep-double sep-solid\" style=\"border-color:#e2e2e2;\"><\/div><\/div><span class=\"awb-title-spacer fusion-no-large-visibility fusion-no-medium-visibility fusion-no-small-visibility\"><\/span><h3 class=\"fusion-title-heading title-heading-left\" style=\"margin:0;\">Latest News<\/h3><span class=\"awb-title-spacer\"><\/span><div class=\"title-sep-container title-sep-container-right\"><div class=\"title-sep sep-double sep-solid\" style=\"border-color:#e2e2e2;\"><\/div><\/div><\/div><div ><a class=\"fusion-button button-flat fusion-button-default-size button-custom fusion-button-default button-1 fusion-button-default-span fusion-button-default-type\" style=\"--button_accent_color:var(--awb-color4);--button_border_color:var(--awb-color4);--button_accent_hover_color:#ffffff;--button_border_hover_color:#ffffff;--button_gradient_top_color:rgba(101,188,123,0);--button_gradient_bottom_color:rgba(101,188,123,0);--button_gradient_top_color_hover:#5aa86c;--button_gradient_bottom_color_hover:#5aa86c;\" target=\"_self\" href=\"https:\/\/giamcis.com\/pt-br\/news\/\"><span class=\"fusion-button-text\">View all<\/span><i class=\"classic-angle-right-solid button-icon-right\" aria-hidden=\"true\"><\/i><\/a><\/div><\/div><\/div><div class=\"fusion-layout-column fusion_builder_column fusion-builder-column-4 fusion_builder_column_1_1 1_1 fusion-flex-column fusion-flex-align-self-flex-start fusion-column-no-min-height\" style=\"--awb-bg-blend:overlay;--awb-bg-size:cover;--awb-width-large:100%;--awb-margin-top-large:0px;--awb-spacing-right-large:1.92%;--awb-margin-bottom-large:0px;--awb-spacing-left-large:1.92%;--awb-width-medium:100%;--awb-spacing-right-medium:1.92%;--awb-spacing-left-medium:1.92%;--awb-width-small:100%;--awb-spacing-right-small:1.92%;--awb-spacing-left-small:1.92%;\"><div class=\"fusion-column-wrapper fusion-flex-justify-content-flex-start fusion-content-layout-column\"><div class=\"fusion-post-cards fusion-post-cards-1 fusion-grid-archive fusion-grid-columns-3\" style=\"--awb-column-spacing:60px;--awb-columns:3;\"><ul class=\"fusion-grid fusion-grid-3 fusion-flex-align-items-stretch fusion-grid-posts-cards\"><li class=\"fusion-layout-column fusion_builder_column fusion-builder-column-5 fusion-flex-column post-card fusion-grid-column fusion-post-cards-grid-column\" style=\"--awb-bg-blend:overlay;--awb-bg-size:cover;\"><div class=\"fusion-column-wrapper fusion-column-has-shadow fusion-flex-justify-content-flex-start fusion-content-layout-column\"><div class=\"fusion-classic-product-image-wrapper fusion-woo-product-image fusion-post-card-image fusion-post-card-image-1 product-images\" data-layout=\"crossfade\" style=\"--awb-margin-bottom:40px;\"><a href=\"https:\/\/giamcis.com\/pt-br\/2016\/01\/20\/5-elements-that-build-a-roster-of-terrific-clients\/\" title=\"5 Elements That Build A Roster Of Terrific Clients\"><div class=\"featured-image\">\n\t\t<img decoding=\"async\" width=\"900\" height=\"600\" src=\"https:\/\/giamcis.com\/wp-content\/uploads\/2016\/01\/5.jpg\" class=\"attachment-full size-full wp-post-image\" alt=\"5\" \/>\n\t<\/div>\n<\/a><\/div><div class=\"fusion-title title fusion-title-4 fusion-title-text fusion-title-size-two\" style=\"--awb-margin-top:0px;--awb-margin-right:10px;--awb-margin-left:10px;--awb-margin-right-small:10px;--awb-margin-left-small:10px;--awb-link-color:hsla(var(--awb-color8-h),var(--awb-color8-s),calc( var(--awb-color8-l) + 16% ),var(--awb-color8-a));--awb-font-size:var(--awb-custom_typography_1-font-size);\"><div class=\"title-sep-container title-sep-container-left fusion-no-large-visibility fusion-no-medium-visibility fusion-no-small-visibility\"><div class=\"title-sep sep-double sep-solid\" style=\"border-color:#e2e2e2;\"><\/div><\/div><span class=\"awb-title-spacer fusion-no-large-visibility fusion-no-medium-visibility fusion-no-small-visibility\"><\/span><h2 class=\"fusion-title-heading title-heading-left\" style=\"font-family:var(--awb-custom_typography_1-font-family);font-weight:var(--awb-custom_typography_1-font-weight);font-style:var(--awb-custom_typography_1-font-style);margin:0;font-size:1em;letter-spacing:var(--awb-custom_typography_1-letter-spacing);text-transform:var(--awb-custom_typography_1-text-transform);line-height:var(--awb-custom_typography_1-line-height);\"><a href=\"https:\/\/giamcis.com\/pt-br\/2016\/01\/20\/5-elements-that-build-a-roster-of-terrific-clients\/\" class=\"awb-custom-text-color awb-custom-text-hover-color\" target=\"_self\">5 Elements That Build A Roster Of Terrific Clients<\/a><\/h2><span class=\"awb-title-spacer\"><\/span><div class=\"title-sep-container title-sep-container-right\"><div class=\"title-sep sep-double sep-solid\" style=\"border-color:#e2e2e2;\"><\/div><\/div><\/div><div class=\"fusion-text fusion-text-3 fusion-text-no-margin\" style=\"--awb-margin-right:2vw;--awb-margin-bottom:20px;--awb-margin-left:10px;\"><p>Nam lacinia arcu tortor, nec luctus nibh dignissim eu nulla sit amet maximus.<\/p>\n<\/div><div ><a class=\"fusion-button button-flat button-large button-custom fusion-button-default button-2 fusion-button-default-span fusion-button-default-type\" style=\"--button_accent_color:var(--awb-color4);--button_border_color:var(--awb-color4);--button_accent_hover_color:var(--awb-color4);--button_border_hover_color:var(--awb-color4);--button_gradient_top_color:rgba(241,246,255,0);--button_gradient_bottom_color:rgba(241,246,255,0);--button_gradient_top_color_hover:rgba(0,87,255,0);--button_gradient_bottom_color_hover:rgba(0,87,255,0);--button_text_transform:capitalize;--button_margin-left:-21px;\" target=\"_self\" href=\"https:\/\/giamcis.com\/pt-br\/2016\/01\/20\/5-elements-that-build-a-roster-of-terrific-clients\/\"><span class=\"fusion-button-text\">Continue reading<\/span><\/a><\/div><div class=\"fusion-separator fusion-full-width-sep\" style=\"align-self: center;margin-left: auto;margin-right: auto;flex-grow:1;width:100%;\"><\/div><\/div><\/li>\n<li class=\"fusion-layout-column fusion_builder_column fusion-builder-column-6 fusion-flex-column post-card fusion-grid-column fusion-post-cards-grid-column\" style=\"--awb-bg-blend:overlay;--awb-bg-size:cover;\"><div class=\"fusion-column-wrapper fusion-column-has-shadow fusion-flex-justify-content-flex-start fusion-content-layout-column\"><div class=\"fusion-classic-product-image-wrapper fusion-woo-product-image fusion-post-card-image fusion-post-card-image-1 product-images\" data-layout=\"crossfade\" style=\"--awb-margin-bottom:40px;\"><a href=\"https:\/\/giamcis.com\/pt-br\/2016\/01\/19\/aliquam-congue-semper-metus\/\" title=\"Aliquam congue semper metus\"><div class=\"featured-image\">\n\t\t<img decoding=\"async\" width=\"900\" height=\"600\" src=\"https:\/\/giamcis.com\/wp-content\/uploads\/2016\/01\/blog_posts_img_11.jpg\" class=\"attachment-full size-full wp-post-image\" alt=\"\" \/>\n\t<\/div>\n<\/a><\/div><div class=\"fusion-title title fusion-title-5 fusion-title-text fusion-title-size-two\" style=\"--awb-margin-top:0px;--awb-margin-right:10px;--awb-margin-left:10px;--awb-margin-right-small:10px;--awb-margin-left-small:10px;--awb-link-color:hsla(var(--awb-color8-h),var(--awb-color8-s),calc( var(--awb-color8-l) + 16% ),var(--awb-color8-a));--awb-font-size:var(--awb-custom_typography_1-font-size);\"><div class=\"title-sep-container title-sep-container-left fusion-no-large-visibility fusion-no-medium-visibility fusion-no-small-visibility\"><div class=\"title-sep sep-double sep-solid\" style=\"border-color:#e2e2e2;\"><\/div><\/div><span class=\"awb-title-spacer fusion-no-large-visibility fusion-no-medium-visibility fusion-no-small-visibility\"><\/span><h2 class=\"fusion-title-heading title-heading-left\" style=\"font-family:var(--awb-custom_typography_1-font-family);font-weight:var(--awb-custom_typography_1-font-weight);font-style:var(--awb-custom_typography_1-font-style);margin:0;font-size:1em;letter-spacing:var(--awb-custom_typography_1-letter-spacing);text-transform:var(--awb-custom_typography_1-text-transform);line-height:var(--awb-custom_typography_1-line-height);\"><a href=\"https:\/\/giamcis.com\/pt-br\/2016\/01\/19\/aliquam-congue-semper-metus\/\" class=\"awb-custom-text-color awb-custom-text-hover-color\" target=\"_self\">Aliquam congue semper metus<\/a><\/h2><span class=\"awb-title-spacer\"><\/span><div class=\"title-sep-container title-sep-container-right\"><div class=\"title-sep sep-double sep-solid\" style=\"border-color:#e2e2e2;\"><\/div><\/div><\/div><div class=\"fusion-text fusion-text-4 fusion-text-no-margin\" style=\"--awb-margin-right:2vw;--awb-margin-bottom:20px;--awb-margin-left:10px;\"><p>Nam lacinia arcu tortor, nec luctus nibh dignissim eu nulla sit amet maximus.<\/p>\n<\/div><div ><a class=\"fusion-button button-flat button-large button-custom fusion-button-default button-3 fusion-button-default-span fusion-button-default-type\" style=\"--button_accent_color:var(--awb-color4);--button_border_color:var(--awb-color4);--button_accent_hover_color:var(--awb-color4);--button_border_hover_color:var(--awb-color4);--button_gradient_top_color:rgba(241,246,255,0);--button_gradient_bottom_color:rgba(241,246,255,0);--button_gradient_top_color_hover:rgba(0,87,255,0);--button_gradient_bottom_color_hover:rgba(0,87,255,0);--button_text_transform:capitalize;--button_margin-left:-21px;\" target=\"_self\" href=\"https:\/\/giamcis.com\/pt-br\/2016\/01\/19\/aliquam-congue-semper-metus\/\"><span class=\"fusion-button-text\">Continue reading<\/span><\/a><\/div><div class=\"fusion-separator fusion-full-width-sep\" style=\"align-self: center;margin-left: auto;margin-right: auto;flex-grow:1;width:100%;\"><\/div><\/div><\/li>\n<li class=\"fusion-layout-column fusion_builder_column fusion-builder-column-7 fusion-flex-column post-card fusion-grid-column fusion-post-cards-grid-column\" style=\"--awb-bg-blend:overlay;--awb-bg-size:cover;\"><div class=\"fusion-column-wrapper fusion-column-has-shadow fusion-flex-justify-content-flex-start fusion-content-layout-column\"><div class=\"fusion-classic-product-image-wrapper fusion-woo-product-image fusion-post-card-image fusion-post-card-image-1 product-images\" data-layout=\"crossfade\" style=\"--awb-margin-bottom:40px;\"><a href=\"https:\/\/giamcis.com\/pt-br\/2016\/01\/19\/cras-suscipit-ante-erat-eleifend\/\" title=\"Cras suscipit ante erat eleifend\"><div class=\"featured-image\">\n\t\t<img decoding=\"async\" width=\"900\" height=\"600\" src=\"https:\/\/giamcis.com\/wp-content\/uploads\/2016\/01\/3.jpg\" class=\"attachment-full size-full wp-post-image\" alt=\"3\" \/>\n\t<\/div>\n<\/a><\/div><div class=\"fusion-title title fusion-title-6 fusion-title-text fusion-title-size-two\" style=\"--awb-margin-top:0px;--awb-margin-right:10px;--awb-margin-left:10px;--awb-margin-right-small:10px;--awb-margin-left-small:10px;--awb-link-color:hsla(var(--awb-color8-h),var(--awb-color8-s),calc( var(--awb-color8-l) + 16% ),var(--awb-color8-a));--awb-font-size:var(--awb-custom_typography_1-font-size);\"><div class=\"title-sep-container title-sep-container-left fusion-no-large-visibility fusion-no-medium-visibility fusion-no-small-visibility\"><div class=\"title-sep sep-double sep-solid\" style=\"border-color:#e2e2e2;\"><\/div><\/div><span class=\"awb-title-spacer fusion-no-large-visibility fusion-no-medium-visibility fusion-no-small-visibility\"><\/span><h2 class=\"fusion-title-heading title-heading-left\" style=\"font-family:var(--awb-custom_typography_1-font-family);font-weight:var(--awb-custom_typography_1-font-weight);font-style:var(--awb-custom_typography_1-font-style);margin:0;font-size:1em;letter-spacing:var(--awb-custom_typography_1-letter-spacing);text-transform:var(--awb-custom_typography_1-text-transform);line-height:var(--awb-custom_typography_1-line-height);\"><a href=\"https:\/\/giamcis.com\/pt-br\/2016\/01\/19\/cras-suscipit-ante-erat-eleifend\/\" class=\"awb-custom-text-color awb-custom-text-hover-color\" target=\"_self\">Cras suscipit ante erat eleifend<\/a><\/h2><span class=\"awb-title-spacer\"><\/span><div class=\"title-sep-container title-sep-container-right\"><div class=\"title-sep sep-double sep-solid\" style=\"border-color:#e2e2e2;\"><\/div><\/div><\/div><div class=\"fusion-text fusion-text-5 fusion-text-no-margin\" style=\"--awb-margin-right:2vw;--awb-margin-bottom:20px;--awb-margin-left:10px;\"><p>Vivamus magna justo, lacinia eget consectetur sed, convallis at tellus.<\/p>\n<\/div><div ><a class=\"fusion-button button-flat button-large button-custom fusion-button-default button-4 fusion-button-default-span fusion-button-default-type\" style=\"--button_accent_color:var(--awb-color4);--button_border_color:var(--awb-color4);--button_accent_hover_color:var(--awb-color4);--button_border_hover_color:var(--awb-color4);--button_gradient_top_color:rgba(241,246,255,0);--button_gradient_bottom_color:rgba(241,246,255,0);--button_gradient_top_color_hover:rgba(0,87,255,0);--button_gradient_bottom_color_hover:rgba(0,87,255,0);--button_text_transform:capitalize;--button_margin-left:-21px;\" target=\"_self\" href=\"https:\/\/giamcis.com\/pt-br\/2016\/01\/19\/cras-suscipit-ante-erat-eleifend\/\"><span class=\"fusion-button-text\">Continue reading<\/span><\/a><\/div><div class=\"fusion-separator fusion-full-width-sep\" style=\"align-self: center;margin-left: auto;margin-right: auto;flex-grow:1;width:100%;\"><\/div><\/div><\/li>\n<\/ul><\/div><\/div><\/div><\/div><\/div><\/p>\n","protected":false},"excerpt":{"rendered":"","protected":false},"author":1,"featured_media":0,"parent":0,"menu_order":0,"comment_status":"closed","ping_status":"closed","template":"100-width.php","meta":{"footnotes":""},"class_list":["post-5099","page","type-page","status-publish","hentry"],"_links":{"self":[{"href":"https:\/\/giamcis.com\/pt-br\/wp-json\/wp\/v2\/pages\/5099","targetHints":{"allow":["GET"]}}],"collection":[{"href":"https:\/\/giamcis.com\/pt-br\/wp-json\/wp\/v2\/pages"}],"about":[{"href":"https:\/\/giamcis.com\/pt-br\/wp-json\/wp\/v2\/types\/page"}],"author":[{"embeddable":true,"href":"https:\/\/giamcis.com\/pt-br\/wp-json\/wp\/v2\/users\/1"}],"replies":[{"embeddable":true,"href":"https:\/\/giamcis.com\/pt-br\/wp-json\/wp\/v2\/comments?post=5099"}],"version-history":[{"count":6,"href":"https:\/\/giamcis.com\/pt-br\/wp-json\/wp\/v2\/pages\/5099\/revisions"}],"predecessor-version":[{"id":5116,"href":"https:\/\/giamcis.com\/pt-br\/wp-json\/wp\/v2\/pages\/5099\/revisions\/5116"}],"wp:attachment":[{"href":"https:\/\/giamcis.com\/pt-br\/wp-json\/wp\/v2\/media?parent=5099"}],"curies":[{"name":"wp","href":"https:\/\/api.w.org\/{rel}","templated":true}]}}